{"id":92,"date":"2026-02-14T02:14:34","date_gmt":"2026-02-13T23:14:34","guid":{"rendered":"https:\/\/ingway.webserveris.pro\/?page_id=92"},"modified":"2026-03-26T12:33:00","modified_gmt":"2026-03-26T09:33:00","slug":"privacy-policy","status":"publish","type":"page","link":"https:\/\/ingway.lv\/en\/privacy-policy\/","title":{"rendered":"Privacy Policy"},"content":{"rendered":"<h3>Privacy Policy<\/h3>\n<p>&nbsp;<\/p>\n<p>Information last updated: 25.03.2026<br \/>\nWebsite: <a class=\"decorated-link\" href=\"http:\/\/www.ingway.lv\" target=\"_new\" rel=\"noopener\">www.ingway.lv<\/a><br \/>\nController: SIA INGWAY<br \/>\nRegistration No.: 40103863745<br \/>\nLegal address: Ogres nov., T\u012bn\u016b\u017eu pag., \u201cViesi\u201d, LV-5015<br \/>\nE-mail: <a class=\"decorated-link cursor-pointer\" rel=\"noopener\">info@ingway.lv<\/a><\/p>\n<p>&nbsp;<\/p>\n<p>This Privacy Policy informs you how we process your personal data when you:<\/p>\n<p>&nbsp;<\/p>\n<ul>\n<li>fill in the contact form on our website;<\/li>\n<li>contact us by e-mail;<\/li>\n<li>visit our website.<\/li>\n<\/ul>\n<p>&nbsp;<\/p>\n<p>The processing of personal data is carried out in accordance with Regulation (EU) 2016\/679 of the European Parliament and of the Council (General Data Protection Regulation \u2014 GDPR) and the applicable laws and regulations of the Republic of Latvia.<\/p>\n<p>&nbsp;<\/p>\n<h4>1. Processing of personal data<\/h4>\n<p>&nbsp;<\/p>\n<p>We may process the following personal data:<\/p>\n<p>&nbsp;<\/p>\n<ul>\n<li>name (if you provide it);<\/li>\n<li>e-mail address;<\/li>\n<li>phone number (if you provide it);<\/li>\n<li>message content;<\/li>\n<li>IP address;<\/li>\n<li>technical information (for example, browser type, date and time).<\/li>\n<\/ul>\n<p>&nbsp;<\/p>\n<p>We do not request or process special categories of personal data.<\/p>\n<p>&nbsp;<\/p>\n<h4>2. Purposes of personal data processing<\/h4>\n<p>&nbsp;<\/p>\n<p>Your personal data is processed in order to:<\/p>\n<p>&nbsp;<\/p>\n<ul>\n<li>respond to your inquiries;<\/li>\n<li>provide the requested information;<\/li>\n<li>ensure website security;<\/li>\n<li>protect against misuse or automated submissions.<\/li>\n<\/ul>\n<p>&nbsp;<\/p>\n<h4>3. Legal basis<\/h4>\n<p>&nbsp;<\/p>\n<p>The processing of personal data is based on:<\/p>\n<p>&nbsp;<\/p>\n<ul>\n<li>the processing of your request before the possible start of cooperation;<\/li>\n<li>the controller\u2019s legitimate interests in ensuring the secure operation of the website;<\/li>\n<li>your consent, where required in specific cases.<\/li>\n<\/ul>\n<p>&nbsp;<\/p>\n<h4>4. Transfer of data to third parties<\/h4>\n<p>&nbsp;<\/p>\n<p>Personal data may be transferred to:<\/p>\n<p>&nbsp;<\/p>\n<ul>\n<li>the website hosting service provider;<\/li>\n<li>IT system administrators (where applicable).<\/li>\n<\/ul>\n<p>&nbsp;<\/p>\n<p>Personal data is not sold or transferred to marketing companies.<\/p>\n<p>&nbsp;<\/p>\n<p>If data is processed outside the European Union or the European Economic Area, appropriate data protection safeguards are ensured.<\/p>\n<p>&nbsp;<\/p>\n<h4>5. Data retention period<\/h4>\n<p>&nbsp;<\/p>\n<p>Personal data is retained:<\/p>\n<p>&nbsp;<\/p>\n<ul>\n<li>for as long as necessary to respond to your request or ensure communication;<\/li>\n<li>for a longer period if required by law or if there is a legal necessity to protect the controller\u2019s interests.<\/li>\n<\/ul>\n<p>&nbsp;<\/p>\n<p>After that, the data is deleted or anonymised.<\/p>\n<p>&nbsp;<\/p>\n<h4>6. Your rights<\/h4>\n<p>&nbsp;<\/p>\n<p>You have the right to:<\/p>\n<p>&nbsp;<\/p>\n<ul>\n<li>request access to your personal data;<\/li>\n<li>request correction or deletion of data;<\/li>\n<li>restrict data processing;<\/li>\n<li>object to data processing;<\/li>\n<li>lodge a complaint with the Data State Inspectorate.<\/li>\n<\/ul>\n<p>&nbsp;<\/p>\n<p>To exercise your rights, please contact us using the information provided below.<\/p>\n<p>&nbsp;<\/p>\n<h4>7. Changes to the policy<\/h4>\n<p>&nbsp;<\/p>\n<p>We reserve the right to make changes to this Privacy Policy. The current version is always available on our website.<\/p>\n<p>&nbsp;<\/p>\n<h4>8. Contact information<\/h4>\n<p>&nbsp;<\/p>\n<p>If you have any questions about the use of cookies or the processing of personal data, please contact us:<\/p>\n<p>&nbsp;<\/p>\n<p>Controller: SIA INGWAY<\/p>\n<p>Registration No.: 40103863745<\/p>\n<p>E-mail: <a class=\"decorated-link cursor-pointer\" rel=\"noopener\">info@ingway.lv<\/a><\/p>\n","protected":false},"excerpt":{"rendered":"<p>Privacy Policy &nbsp; Information last updated: 25.03.2026 Website: www.ingway.lv Controller: SIA INGWAY Registration No.: 40103863745 Legal address: Ogres nov., T\u012bn\u016b\u017eu pag., \u201cViesi\u201d, LV-5015 E-mail: info@ingway.lv &nbsp; This Privacy Policy informs you how we process your personal data when you: &nbsp; fill in the contact form on our website; contact us by e-mail; visit our website. [&hellip;]<\/p>\n","protected":false},"author":1,"featured_media":0,"parent":0,"menu_order":0,"comment_status":"closed","ping_status":"closed","template":"simple-page.php","meta":{"_acf_changed":false,"inline_featured_image":false,"footnotes":""},"class_list":["post-92","page","type-page","status-publish","hentry"],"acf":[],"_links":{"self":[{"href":"https:\/\/ingway.lv\/en\/wp-json\/wp\/v2\/pages\/92","targetHints":{"allow":["GET"]}}],"collection":[{"href":"https:\/\/ingway.lv\/en\/wp-json\/wp\/v2\/pages"}],"about":[{"href":"https:\/\/ingway.lv\/en\/wp-json\/wp\/v2\/types\/page"}],"author":[{"embeddable":true,"href":"https:\/\/ingway.lv\/en\/wp-json\/wp\/v2\/users\/1"}],"replies":[{"embeddable":true,"href":"https:\/\/ingway.lv\/en\/wp-json\/wp\/v2\/comments?post=92"}],"version-history":[{"count":5,"href":"https:\/\/ingway.lv\/en\/wp-json\/wp\/v2\/pages\/92\/revisions"}],"predecessor-version":[{"id":771,"href":"https:\/\/ingway.lv\/en\/wp-json\/wp\/v2\/pages\/92\/revisions\/771"}],"wp:attachment":[{"href":"https:\/\/ingway.lv\/en\/wp-json\/wp\/v2\/media?parent=92"}],"curies":[{"name":"wp","href":"https:\/\/api.w.org\/{rel}","templated":true}]}}