{"id":17,"date":"2026-02-11T21:25:09","date_gmt":"2026-02-11T18:25:09","guid":{"rendered":"https:\/\/ingway.webserveris.pro\/?page_id=17"},"modified":"2026-03-26T13:36:05","modified_gmt":"2026-03-26T10:36:05","slug":"contact","status":"publish","type":"page","link":"https:\/\/ingway.lv\/en\/contact\/","title":{"rendered":"Contact"},"content":{"rendered":"\t\t<div data-elementor-type=\"wp-page\" data-elementor-id=\"17\" class=\"elementor elementor-17\">\n\t\t\t\t<div class=\"elementor-element elementor-element-30a683e e-flex e-con-boxed e-con e-parent\" data-id=\"30a683e\" data-element_type=\"container\">\n\t\t\t\t\t<div class=\"e-con-inner\">\n\t\t\t\t<div class=\"elementor-element elementor-element-9388824 elementor-widget elementor-widget-discuss_section\" data-id=\"9388824\" data-element_type=\"widget\" data-widget_type=\"discuss_section.default\">\n\t\t\t\t<div class=\"elementor-widget-container\">\n\t\t\t\t\t\n        <section class=\"discuss\">\n            <div class=\"container\">\n                <div class=\"discuss__content\">\n\n                    <div class=\"discuss__left\">\n                        <div class=\"discuss__titleWrap\">\n                            <h2>Get in touch with us<\/h2>\n                        <\/div>\n\n                        <div class=\"discuss__textWrap text-small\">\n                            <p><\/p>\n                        <\/div>\n\n                                                    <div class=\"discuss__info\">\n\n                                <div class=\"discussInfo__block\">\n                                    <div class=\"discussInfoBlock__titleWrap\">\n                                        <h5>Our company details<\/h5>\n                                    <\/div>\n\n                                    <div class=\"discussInfoBlock__content\">\n                                                                                                                                    <div class=\"discussInfoBlock__row\">\n                                                                                                        SIA &quot;IngWay&quot;                                                <\/div>\n                                                                                            <div class=\"discussInfoBlock__row\">\n                                                                                                        Registration No. 40103863745                                                <\/div>\n                                                                                            <div class=\"discussInfoBlock__row\">\n                                                                                                        Legal address: &quot;Viesi&quot;, T\u012bn\u016b\u017eu parish, Ogre municipality, LV-5015                                                <\/div>\n                                                                                            <div class=\"discussInfoBlock__row\">\n                                                                                                        Bank account No.: LV50 UNLA 0050 0228 3239 3                                                <\/div>\n                                                                                            <div class=\"discussInfoBlock__row\">\n                                                                                                        AS &quot;SEB banka&quot;                                                <\/div>\n                                                                                                                        <\/div>\n                                <\/div>\n\n                                <div class=\"discussInfo__block\">\n                                    <div class=\"discussInfoBlock__titleWrap\">\n                                        <h5>Contact us<\/h5>\n                                    <\/div>\n\n                                    <div class=\"discussInfoBlock__content\">\n                                                                                                                                    <div class=\"discussInfoBlock__row\">\n                                                                                                            <div class=\"discussInfoBlock__row-icon\">\n                                                            <img decoding=\"async\" src=\"https:\/\/ingway.lv\/wp-content\/uploads\/2026\/02\/Union.svg\" alt=\"\">\n                                                        <\/div>\n                                                                                                        +371 65 067 461                                                <\/div>\n                                                                                            <div class=\"discussInfoBlock__row\">\n                                                                                                            <div class=\"discussInfoBlock__row-icon\">\n                                                            <img decoding=\"async\" src=\"https:\/\/ingway.lv\/wp-content\/uploads\/2026\/02\/Union2.svg\" alt=\"\">\n                                                        <\/div>\n                                                                                                        ingway@ingway.lv                                                <\/div>\n                                                                                                                        <\/div>\n                                <\/div>\n\n                            <\/div>\n                        \n                    <\/div>\n\n                    <div class=\"discuss__right\">\n                        <form id=\"contactForm\" enctype=\"multipart\/form-data\">\n                            <div class=\"form\">\n                                <div class=\"form__row\">\n                                    <div class=\"form__elem\">\n                                        <input type=\"text\" name=\"name\" placeholder=\"Full Name\" required>\n                                    <\/div>\n                                <\/div>\n\n                                <div class=\"form__row\">\n                                    <div class=\"form__elem\">\n                                        <input type=\"text\" name=\"phone\" placeholder=\"Phone Number\">\n                                    <\/div>\n                                    <div class=\"form__elem\">\n                                        <input type=\"email\" name=\"email\" placeholder=\"E-mail\" required>\n                                    <\/div>\n                                <\/div>\n\n                                \n                                <div class=\"form__row\">\n                                    <div class=\"form__elem\">\n                                        <select id=\"interest\" name=\"interest\" class=\"custom-select2\" placeholder=\"I\u2019m interested in\">\n                                        <option value=\"\">Select interest<\/option>\n\n                                                                                                                                    <option value=\"bridges\">\n                                                    Bridges                                                <\/option>\n                                                                                            <option value=\"drainage-systems\">\n                                                    Drainage systems                                                <\/option>\n                                                                                            <option value=\"road-works\">\n                                                    Road works                                                <\/option>\n                                                                                            <option value=\"utility-networks\">\n                                                    Utility networks                                                <\/option>\n                                                                                    \n                                        <option value=\"other\">Other<\/option>\n                                        <\/select>\n                                    <\/div>\n                                <\/div>\n\n                                <div class=\"form__row\">\n                                    <div class=\"form__elem\">\n                                        <textarea name=\"message\" rows=\"5\" placeholder=\"Your message\"><\/textarea>\n                                    <\/div>\n                                <\/div>\n\n                                <div class=\"form__row\">\n                                    <div class=\"form__elem\">\n                                        <input type=\"file\" class=\"filepond\" name=\"files[]\" multiple>\n                                    <\/div>\n                                <\/div>\n\n                                <div class=\"form__row\">\n                                    <div class=\"form__elem\">\n                                        <label class=\"checkbox__container\">\n                                        I agree that my personal data will be processed in accordance with the General Data Protection Regulation (GDPR) and Ingway&#039;s privacy policy.                                            <input type=\"checkbox\" name=\"gdpr\" required>\n                                            <span class=\"checkbox__checkmark\"><\/span>\n                                        <\/label>\n                                    <\/div>\n                                <\/div>\n\n                                <div class=\"form__btnWrap\">\n                                    <button type=\"submit\" class=\"form__btn\">\n                                    Submit                                    <\/button>\n                                <\/div>\n\n                            <\/div>\n                        <\/form>\n                        <div class=\"popup-overlay\" id=\"popupOverlay\">\n                            <div class=\"popup\" id=\"popupBox\">\n                                <button class=\"popup__close\" id=\"popupClose\">&times;<\/button>\n\n                                <h3 class=\"popup__title\">Message Sent!<\/h3>\n                                <p class=\"popup__text\">\n                                    Thank you for contacting us.                                    <br\/>\n                                    We will get back to you shortly.                                <\/p>\n                            <\/div>\n                        <\/div>\n                    <\/div>\n\n                <\/div>\n            <\/div>\n        <\/section>\n\n        \t\t\t\t<\/div>\n\t\t\t\t<\/div>\n\t\t\t\t\t<\/div>\n\t\t\t\t<\/div>\n\t\t\t\t<\/div>\n\t\t","protected":false},"excerpt":{"rendered":"<p>Get in touch with us Our company details SIA &quot;IngWay&quot; Registration No. 40103863745 Legal address: &quot;Viesi&quot;, T\u012bn\u016b\u017eu parish, Ogre municipality, LV-5015 Bank account No.: LV50 UNLA 0050 0228 3239 3 AS &quot;SEB banka&quot; Contact us +371 65 067 461 ingway@ingway.lv Select interest Bridge Works Ce\u013ci In\u017eeniert\u012bkli Land Reclamation Melior\u0101cijas sist\u0113mas Road Works Tilti Other I [&hellip;]<\/p>\n","protected":false},"author":1,"featured_media":0,"parent":0,"menu_order":0,"comment_status":"closed","ping_status":"closed","template":"","meta":{"_acf_changed":false,"inline_featured_image":false,"footnotes":""},"class_list":["post-17","page","type-page","status-publish","hentry"],"acf":[],"_links":{"self":[{"href":"https:\/\/ingway.lv\/en\/wp-json\/wp\/v2\/pages\/17","targetHints":{"allow":["GET"]}}],"collection":[{"href":"https:\/\/ingway.lv\/en\/wp-json\/wp\/v2\/pages"}],"about":[{"href":"https:\/\/ingway.lv\/en\/wp-json\/wp\/v2\/types\/page"}],"author":[{"embeddable":true,"href":"https:\/\/ingway.lv\/en\/wp-json\/wp\/v2\/users\/1"}],"replies":[{"embeddable":true,"href":"https:\/\/ingway.lv\/en\/wp-json\/wp\/v2\/comments?post=17"}],"version-history":[{"count":10,"href":"https:\/\/ingway.lv\/en\/wp-json\/wp\/v2\/pages\/17\/revisions"}],"predecessor-version":[{"id":807,"href":"https:\/\/ingway.lv\/en\/wp-json\/wp\/v2\/pages\/17\/revisions\/807"}],"wp:attachment":[{"href":"https:\/\/ingway.lv\/en\/wp-json\/wp\/v2\/media?parent=17"}],"curies":[{"name":"wp","href":"https:\/\/api.w.org\/{rel}","templated":true}]}}